{"id":13,"date":"2025-12-15T13:27:10","date_gmt":"2025-12-15T13:27:10","guid":{"rendered":"https:\/\/talleresgarnes.rkinformatika.online\/?page_id=13"},"modified":"2025-12-16T10:15:30","modified_gmt":"2025-12-16T10:15:30","slug":"servicios","status":"publish","type":"page","link":"https:\/\/tienda.talleresgarnes.com\/en\/servicios\/","title":{"rendered":"Servicios"},"content":{"rendered":"\t\t<div data-elementor-type=\"wp-page\" data-elementor-id=\"13\" class=\"elementor elementor-13\" data-elementor-post-type=\"page\">\n\t\t\t\t<div class=\"elementor-element elementor-element-50f6a04 e-con-full e-flex elementor-invisible e-con e-parent\" data-id=\"50f6a04\" data-element_type=\"container\" data-e-type=\"container\" data-settings=\"{&quot;background_background&quot;:&quot;classic&quot;,&quot;background_motion_fx_motion_fx_scrolling&quot;:&quot;yes&quot;,&quot;animation&quot;:&quot;fadeIn&quot;,&quot;background_motion_fx_devices&quot;:[&quot;desktop&quot;,&quot;tablet&quot;,&quot;mobile&quot;]}\">\n\t\t<div class=\"elementor-element elementor-element-97ba35b e-flex e-con-boxed e-con e-child\" data-id=\"97ba35b\" data-element_type=\"container\" data-e-type=\"container\">\n\t\t\t\t\t<div class=\"e-con-inner\">\n\t\t\t\t<div class=\"elementor-element elementor-element-8b3d2e9 animated-slow elementor-widget__width-initial elementor-invisible elementor-widget elementor-widget-heading\" data-id=\"8b3d2e9\" data-element_type=\"widget\" data-e-type=\"widget\" data-settings=\"{&quot;_animation&quot;:&quot;fadeInDown&quot;}\" data-widget_type=\"heading.default\">\n\t\t\t\t\t<h2 class=\"elementor-heading-title elementor-size-default\">Soluciones completas en mec\u00e1nica, chapa y pintura para todo tipo de veh\u00edculos.<\/h2>\t\t\t\t<\/div>\n\t\t\t\t\t<\/div>\n\t\t\t\t<\/div>\n\t\t\t\t<\/div>\n\t\t<div class=\"elementor-element elementor-element-0059ff5 e-flex e-con-boxed e-con e-parent\" data-id=\"0059ff5\" data-element_type=\"container\" data-e-type=\"container\" data-settings=\"{&quot;background_background&quot;:&quot;classic&quot;}\">\n\t\t\t\t\t<div class=\"e-con-inner\">\n\t\t<div class=\"elementor-element elementor-element-e5de638 e-con-full e-flex e-con e-child\" data-id=\"e5de638\" data-element_type=\"container\" data-e-type=\"container\">\n\t\t\t\t<div class=\"elementor-element elementor-element-8e5878d elementor-widget elementor-widget-image\" data-id=\"8e5878d\" data-element_type=\"widget\" data-e-type=\"widget\" data-widget_type=\"image.default\">\n\t\t\t\t\t\t\t\t\t\t\t\t\t\t\t<img fetchpriority=\"high\" decoding=\"async\" width=\"800\" height=\"534\" src=\"https:\/\/tienda.talleresgarnes.com\/wp-content\/uploads\/2025\/12\/2148866654-1024x683.jpg\" class=\"attachment-large size-large wp-image-160\" alt=\"\" srcset=\"https:\/\/tienda.talleresgarnes.com\/wp-content\/uploads\/2025\/12\/2148866654-1024x683.jpg 1024w, https:\/\/tienda.talleresgarnes.com\/wp-content\/uploads\/2025\/12\/2148866654-300x200.jpg 300w, https:\/\/tienda.talleresgarnes.com\/wp-content\/uploads\/2025\/12\/2148866654-768x512.jpg 768w, https:\/\/tienda.talleresgarnes.com\/wp-content\/uploads\/2025\/12\/2148866654-18x12.jpg 18w, https:\/\/tienda.talleresgarnes.com\/wp-content\/uploads\/2025\/12\/2148866654.jpg 1500w\" sizes=\"(max-width: 800px) 100vw, 800px\" \/>\t\t\t\t\t\t\t\t\t\t\t\t\t\t\t<\/div>\n\t\t\t\t<div class=\"elementor-element elementor-element-93cedbf elementor-widget elementor-widget-heading\" data-id=\"93cedbf\" data-element_type=\"widget\" data-e-type=\"widget\" data-widget_type=\"heading.default\">\n\t\t\t\t\t<h2 class=\"elementor-heading-title elementor-size-default\">Reparaci\u00f3n en general<\/h2>\t\t\t\t<\/div>\n\t\t\t\t<\/div>\n\t\t<div class=\"elementor-element elementor-element-cd3d025 e-con-full e-flex e-con e-child\" data-id=\"cd3d025\" data-element_type=\"container\" data-e-type=\"container\">\n\t\t\t\t<div class=\"elementor-element elementor-element-881e845 elementor-widget elementor-widget-image\" data-id=\"881e845\" data-element_type=\"widget\" data-e-type=\"widget\" data-widget_type=\"image.default\">\n\t\t\t\t\t\t\t\t\t\t\t\t\t\t\t<img decoding=\"async\" width=\"800\" height=\"534\" src=\"https:\/\/tienda.talleresgarnes.com\/wp-content\/uploads\/2025\/12\/2149750004-1024x683.jpg\" class=\"attachment-large size-large wp-image-162\" alt=\"\" srcset=\"https:\/\/tienda.talleresgarnes.com\/wp-content\/uploads\/2025\/12\/2149750004-1024x683.jpg 1024w, https:\/\/tienda.talleresgarnes.com\/wp-content\/uploads\/2025\/12\/2149750004-300x200.jpg 300w, https:\/\/tienda.talleresgarnes.com\/wp-content\/uploads\/2025\/12\/2149750004-768x512.jpg 768w, https:\/\/tienda.talleresgarnes.com\/wp-content\/uploads\/2025\/12\/2149750004-18x12.jpg 18w, https:\/\/tienda.talleresgarnes.com\/wp-content\/uploads\/2025\/12\/2149750004.jpg 1500w\" sizes=\"(max-width: 800px) 100vw, 800px\" \/>\t\t\t\t\t\t\t\t\t\t\t\t\t\t\t<\/div>\n\t\t\t\t<div class=\"elementor-element elementor-element-c11c190 elementor-widget elementor-widget-heading\" data-id=\"c11c190\" data-element_type=\"widget\" data-e-type=\"widget\" data-widget_type=\"heading.default\">\n\t\t\t\t\t<h2 class=\"elementor-heading-title elementor-size-default\">Chapa y pintura<\/h2>\t\t\t\t<\/div>\n\t\t\t\t<\/div>\n\t\t<div class=\"elementor-element elementor-element-e766128 e-con-full e-flex e-con e-child\" data-id=\"e766128\" data-element_type=\"container\" data-e-type=\"container\">\n\t\t\t\t<div class=\"elementor-element elementor-element-ea83843 elementor-widget elementor-widget-image\" data-id=\"ea83843\" data-element_type=\"widget\" data-e-type=\"widget\" data-widget_type=\"image.default\">\n\t\t\t\t\t\t\t\t\t\t\t\t\t\t\t<img decoding=\"async\" width=\"800\" height=\"534\" src=\"https:\/\/tienda.talleresgarnes.com\/wp-content\/uploads\/2025\/12\/2148932631-1024x683.jpg\" class=\"attachment-large size-large wp-image-163\" alt=\"\" srcset=\"https:\/\/tienda.talleresgarnes.com\/wp-content\/uploads\/2025\/12\/2148932631-1024x683.jpg 1024w, https:\/\/tienda.talleresgarnes.com\/wp-content\/uploads\/2025\/12\/2148932631-300x200.jpg 300w, https:\/\/tienda.talleresgarnes.com\/wp-content\/uploads\/2025\/12\/2148932631-768x512.jpg 768w, https:\/\/tienda.talleresgarnes.com\/wp-content\/uploads\/2025\/12\/2148932631-18x12.jpg 18w, https:\/\/tienda.talleresgarnes.com\/wp-content\/uploads\/2025\/12\/2148932631.jpg 1500w\" sizes=\"(max-width: 800px) 100vw, 800px\" \/>\t\t\t\t\t\t\t\t\t\t\t\t\t\t\t<\/div>\n\t\t\t\t<div class=\"elementor-element elementor-element-fa23ebe elementor-widget elementor-widget-heading\" data-id=\"fa23ebe\" data-element_type=\"widget\" data-e-type=\"widget\" data-widget_type=\"heading.default\">\n\t\t\t\t\t<h2 class=\"elementor-heading-title elementor-size-default\">Venta de recambios para veh\u00edculos cl\u00e1sicos<\/h2>\t\t\t\t<\/div>\n\t\t\t\t<\/div>\n\t\t\t\t\t<\/div>\n\t\t\t\t<\/div>\n\t\t<div class=\"elementor-element elementor-element-daf2474 e-flex e-con-boxed e-con e-parent\" data-id=\"daf2474\" data-element_type=\"container\" data-e-type=\"container\">\n\t\t\t\t\t<div class=\"e-con-inner\">\n\t\t\t\t<div class=\"elementor-element elementor-element-8a4461f elementor-widget elementor-widget-heading\" data-id=\"8a4461f\" data-element_type=\"widget\" data-e-type=\"widget\" data-widget_type=\"heading.default\">\n\t\t\t\t\t<h2 class=\"elementor-heading-title elementor-size-default\">Galer\u00eda<\/h2>\t\t\t\t<\/div>\n\t\t\t\t<div class=\"elementor-element elementor-element-4cc05c9 elementor-widget elementor-widget-gallery\" data-id=\"4cc05c9\" data-element_type=\"widget\" data-e-type=\"widget\" data-settings=\"{&quot;gallery_layout&quot;:&quot;justified&quot;,&quot;gap&quot;:{&quot;unit&quot;:&quot;px&quot;,&quot;size&quot;:16,&quot;sizes&quot;:[]},&quot;lazyload&quot;:&quot;yes&quot;,&quot;ideal_row_height&quot;:{&quot;unit&quot;:&quot;px&quot;,&quot;size&quot;:200,&quot;sizes&quot;:[]},&quot;ideal_row_height_tablet&quot;:{&quot;unit&quot;:&quot;px&quot;,&quot;size&quot;:150,&quot;sizes&quot;:[]},&quot;ideal_row_height_mobile&quot;:{&quot;unit&quot;:&quot;px&quot;,&quot;size&quot;:150,&quot;sizes&quot;:[]},&quot;gap_tablet&quot;:{&quot;unit&quot;:&quot;px&quot;,&quot;size&quot;:10,&quot;sizes&quot;:[]},&quot;gap_mobile&quot;:{&quot;unit&quot;:&quot;px&quot;,&quot;size&quot;:10,&quot;sizes&quot;:[]},&quot;link_to&quot;:&quot;file&quot;,&quot;overlay_background&quot;:&quot;yes&quot;,&quot;content_hover_animation&quot;:&quot;fade-in&quot;}\" data-widget_type=\"gallery.default\">\n\t\t\t\t\t\t\t<div class=\"elementor-gallery__container\">\n\t\t\t\t\t\t\t<a class=\"e-gallery-item elementor-gallery-item elementor-animated-content\" href=\"https:\/\/tienda.talleresgarnes.com\/wp-content\/uploads\/2025\/12\/1.png\" data-elementor-open-lightbox=\"yes\" data-elementor-lightbox-slideshow=\"4cc05c9\" data-elementor-lightbox-title=\"1\" data-e-action-hash=\"#elementor-action%3Aaction%3Dlightbox%26settings%3DeyJpZCI6MTQ2LCJ1cmwiOiJodHRwczpcL1wvdGllbmRhLnRhbGxlcmVzZ2FybmVzLmNvbVwvd3AtY29udGVudFwvdXBsb2Fkc1wvMjAyNVwvMTJcLzEucG5nIiwic2xpZGVzaG93IjoiNGNjMDVjOSJ9\">\n\t\t\t\t\t<div class=\"e-gallery-image elementor-gallery-item__image\" data-thumbnail=\"https:\/\/tienda.talleresgarnes.com\/wp-content\/uploads\/2025\/12\/1.png\" data-width=\"1500\" data-height=\"1000\" aria-label=\"\" role=\"img\" ><\/div>\n\t\t\t\t\t\t\t\t\t\t\t<div class=\"elementor-gallery-item__overlay\"><\/div>\n\t\t\t\t\t\t\t\t\t\t\t\t\t\t<\/a>\n\t\t\t\t\t\t\t<a class=\"e-gallery-item elementor-gallery-item elementor-animated-content\" href=\"https:\/\/tienda.talleresgarnes.com\/wp-content\/uploads\/2025\/12\/7.png\" data-elementor-open-lightbox=\"yes\" data-elementor-lightbox-slideshow=\"4cc05c9\" data-elementor-lightbox-title=\"7\" data-e-action-hash=\"#elementor-action%3Aaction%3Dlightbox%26settings%3DeyJpZCI6MTUyLCJ1cmwiOiJodHRwczpcL1wvdGllbmRhLnRhbGxlcmVzZ2FybmVzLmNvbVwvd3AtY29udGVudFwvdXBsb2Fkc1wvMjAyNVwvMTJcLzcucG5nIiwic2xpZGVzaG93IjoiNGNjMDVjOSJ9\">\n\t\t\t\t\t<div class=\"e-gallery-image elementor-gallery-item__image\" data-thumbnail=\"https:\/\/tienda.talleresgarnes.com\/wp-content\/uploads\/2025\/12\/7.png\" data-width=\"1500\" data-height=\"1000\" aria-label=\"\" role=\"img\" ><\/div>\n\t\t\t\t\t\t\t\t\t\t\t<div class=\"elementor-gallery-item__overlay\"><\/div>\n\t\t\t\t\t\t\t\t\t\t\t\t\t\t<\/a>\n\t\t\t\t\t\t\t<a class=\"e-gallery-item elementor-gallery-item elementor-animated-content\" href=\"https:\/\/tienda.talleresgarnes.com\/wp-content\/uploads\/2025\/12\/2.png\" data-elementor-open-lightbox=\"yes\" data-elementor-lightbox-slideshow=\"4cc05c9\" data-elementor-lightbox-title=\"2\" data-e-action-hash=\"#elementor-action%3Aaction%3Dlightbox%26settings%3DeyJpZCI6MTQ3LCJ1cmwiOiJodHRwczpcL1wvdGllbmRhLnRhbGxlcmVzZ2FybmVzLmNvbVwvd3AtY29udGVudFwvdXBsb2Fkc1wvMjAyNVwvMTJcLzIucG5nIiwic2xpZGVzaG93IjoiNGNjMDVjOSJ9\">\n\t\t\t\t\t<div class=\"e-gallery-image elementor-gallery-item__image\" data-thumbnail=\"https:\/\/tienda.talleresgarnes.com\/wp-content\/uploads\/2025\/12\/2.png\" data-width=\"1500\" data-height=\"1000\" aria-label=\"\" role=\"img\" ><\/div>\n\t\t\t\t\t\t\t\t\t\t\t<div class=\"elementor-gallery-item__overlay\"><\/div>\n\t\t\t\t\t\t\t\t\t\t\t\t\t\t<\/a>\n\t\t\t\t\t\t\t<a class=\"e-gallery-item elementor-gallery-item elementor-animated-content\" href=\"https:\/\/tienda.talleresgarnes.com\/wp-content\/uploads\/2025\/12\/3.png\" data-elementor-open-lightbox=\"yes\" data-elementor-lightbox-slideshow=\"4cc05c9\" data-elementor-lightbox-title=\"3\" data-e-action-hash=\"#elementor-action%3Aaction%3Dlightbox%26settings%3DeyJpZCI6MTQ4LCJ1cmwiOiJodHRwczpcL1wvdGllbmRhLnRhbGxlcmVzZ2FybmVzLmNvbVwvd3AtY29udGVudFwvdXBsb2Fkc1wvMjAyNVwvMTJcLzMucG5nIiwic2xpZGVzaG93IjoiNGNjMDVjOSJ9\">\n\t\t\t\t\t<div class=\"e-gallery-image elementor-gallery-item__image\" data-thumbnail=\"https:\/\/tienda.talleresgarnes.com\/wp-content\/uploads\/2025\/12\/3.png\" data-width=\"1500\" data-height=\"1000\" aria-label=\"\" role=\"img\" ><\/div>\n\t\t\t\t\t\t\t\t\t\t\t<div class=\"elementor-gallery-item__overlay\"><\/div>\n\t\t\t\t\t\t\t\t\t\t\t\t\t\t<\/a>\n\t\t\t\t\t\t\t<a class=\"e-gallery-item elementor-gallery-item elementor-animated-content\" href=\"https:\/\/tienda.talleresgarnes.com\/wp-content\/uploads\/2025\/12\/4.png\" data-elementor-open-lightbox=\"yes\" data-elementor-lightbox-slideshow=\"4cc05c9\" data-elementor-lightbox-title=\"4\" data-e-action-hash=\"#elementor-action%3Aaction%3Dlightbox%26settings%3DeyJpZCI6MTQ5LCJ1cmwiOiJodHRwczpcL1wvdGllbmRhLnRhbGxlcmVzZ2FybmVzLmNvbVwvd3AtY29udGVudFwvdXBsb2Fkc1wvMjAyNVwvMTJcLzQucG5nIiwic2xpZGVzaG93IjoiNGNjMDVjOSJ9\">\n\t\t\t\t\t<div class=\"e-gallery-image elementor-gallery-item__image\" data-thumbnail=\"https:\/\/tienda.talleresgarnes.com\/wp-content\/uploads\/2025\/12\/4.png\" data-width=\"1500\" data-height=\"1000\" aria-label=\"\" role=\"img\" ><\/div>\n\t\t\t\t\t\t\t\t\t\t\t<div class=\"elementor-gallery-item__overlay\"><\/div>\n\t\t\t\t\t\t\t\t\t\t\t\t\t\t<\/a>\n\t\t\t\t\t\t\t<a class=\"e-gallery-item elementor-gallery-item elementor-animated-content\" href=\"https:\/\/tienda.talleresgarnes.com\/wp-content\/uploads\/2025\/12\/6.png\" data-elementor-open-lightbox=\"yes\" data-elementor-lightbox-slideshow=\"4cc05c9\" data-elementor-lightbox-title=\"6\" data-e-action-hash=\"#elementor-action%3Aaction%3Dlightbox%26settings%3DeyJpZCI6MTUxLCJ1cmwiOiJodHRwczpcL1wvdGllbmRhLnRhbGxlcmVzZ2FybmVzLmNvbVwvd3AtY29udGVudFwvdXBsb2Fkc1wvMjAyNVwvMTJcLzYucG5nIiwic2xpZGVzaG93IjoiNGNjMDVjOSJ9\">\n\t\t\t\t\t<div class=\"e-gallery-image elementor-gallery-item__image\" data-thumbnail=\"https:\/\/tienda.talleresgarnes.com\/wp-content\/uploads\/2025\/12\/6.png\" data-width=\"1500\" data-height=\"1000\" aria-label=\"\" role=\"img\" ><\/div>\n\t\t\t\t\t\t\t\t\t\t\t<div class=\"elementor-gallery-item__overlay\"><\/div>\n\t\t\t\t\t\t\t\t\t\t\t\t\t\t<\/a>\n\t\t\t\t\t\t\t<a class=\"e-gallery-item elementor-gallery-item elementor-animated-content\" href=\"https:\/\/tienda.talleresgarnes.com\/wp-content\/uploads\/2025\/12\/5.png\" data-elementor-open-lightbox=\"yes\" data-elementor-lightbox-slideshow=\"4cc05c9\" data-elementor-lightbox-title=\"5\" data-e-action-hash=\"#elementor-action%3Aaction%3Dlightbox%26settings%3DeyJpZCI6MTUwLCJ1cmwiOiJodHRwczpcL1wvdGllbmRhLnRhbGxlcmVzZ2FybmVzLmNvbVwvd3AtY29udGVudFwvdXBsb2Fkc1wvMjAyNVwvMTJcLzUucG5nIiwic2xpZGVzaG93IjoiNGNjMDVjOSJ9\">\n\t\t\t\t\t<div class=\"e-gallery-image elementor-gallery-item__image\" data-thumbnail=\"https:\/\/tienda.talleresgarnes.com\/wp-content\/uploads\/2025\/12\/5.png\" data-width=\"1500\" data-height=\"1000\" aria-label=\"\" role=\"img\" ><\/div>\n\t\t\t\t\t\t\t\t\t\t\t<div class=\"elementor-gallery-item__overlay\"><\/div>\n\t\t\t\t\t\t\t\t\t\t\t\t\t\t<\/a>\n\t\t\t\t\t<\/div>\n\t\t\t\t\t<\/div>\n\t\t\t\t\t<\/div>\n\t\t\t\t<\/div>\n\t\t<div class=\"elementor-element elementor-element-a585016 e-flex e-con-boxed e-con e-parent\" data-id=\"a585016\" data-element_type=\"container\" data-e-type=\"container\" data-settings=\"{&quot;background_background&quot;:&quot;classic&quot;}\">\n\t\t\t\t\t<div class=\"e-con-inner\">\n\t\t<div class=\"elementor-element elementor-element-08f0e57 e-con-full e-flex e-con e-child\" data-id=\"08f0e57\" data-element_type=\"container\" data-e-type=\"container\">\n\t\t\t\t<div class=\"elementor-element elementor-element-b05e105 elementor-align-center animated-slow elementor-invisible elementor-widget elementor-widget-button\" data-id=\"b05e105\" data-element_type=\"widget\" data-e-type=\"widget\" data-settings=\"{&quot;_animation&quot;:&quot;fadeInLeft&quot;}\" data-widget_type=\"button.default\">\n\t\t\t\t\t\t\t\t\t\t<a class=\"elementor-button elementor-button-link elementor-size-sm\" href=\"https:\/\/tienda.talleresgarnes.com\/tienda\/\">\n\t\t\t\t\t\t<span class=\"elementor-button-content-wrapper\">\n\t\t\t\t\t\t\t\t\t<span class=\"elementor-button-text\">TIENDA<\/span>\n\t\t\t\t\t<\/span>\n\t\t\t\t\t<\/a>\n\t\t\t\t\t\t\t\t<\/div>\n\t\t\t\t<\/div>\n\t\t<div class=\"elementor-element elementor-element-8d1e4a4 e-con-full e-flex elementor-invisible e-con e-child\" data-id=\"8d1e4a4\" data-element_type=\"container\" data-e-type=\"container\" data-settings=\"{&quot;animation&quot;:&quot;fadeInRight&quot;}\">\n\t\t\t\t<div class=\"elementor-element elementor-element-62f23ae elementor-align-center animated-slow elementor-invisible elementor-widget elementor-widget-button\" data-id=\"62f23ae\" data-element_type=\"widget\" data-e-type=\"widget\" data-settings=\"{&quot;_animation&quot;:&quot;fadeInLeft&quot;}\" data-widget_type=\"button.default\">\n\t\t\t\t\t\t\t\t\t\t<a class=\"elementor-button elementor-button-link elementor-size-sm\" href=\"https:\/\/tienda.talleresgarnes.com\/contactos\/\">\n\t\t\t\t\t\t<span class=\"elementor-button-content-wrapper\">\n\t\t\t\t\t\t\t\t\t<span class=\"elementor-button-text\">CONTACTOS<\/span>\n\t\t\t\t\t<\/span>\n\t\t\t\t\t<\/a>\n\t\t\t\t\t\t\t\t<\/div>\n\t\t\t\t<\/div>\n\t\t<div class=\"elementor-element elementor-element-76bc5be e-con-full e-flex e-con e-child\" data-id=\"76bc5be\" data-element_type=\"container\" data-e-type=\"container\">\n\t\t\t\t<div class=\"elementor-element elementor-element-f7d53de animated-slow elementor-widget__width-initial elementor-invisible elementor-widget elementor-widget-heading\" data-id=\"f7d53de\" data-element_type=\"widget\" data-e-type=\"widget\" data-settings=\"{&quot;_animation&quot;:&quot;fadeInDown&quot;}\" data-widget_type=\"heading.default\">\n\t\t\t\t\t<h2 class=\"elementor-heading-title elementor-size-default\">Nuestro equipo est\u00e1 a tu disposici\u00f3n.\n\n<\/h2>\t\t\t\t<\/div>\n\t\t\t\t<\/div>\n\t\t\t\t\t<\/div>\n\t\t\t\t<\/div>\n\t\t\t\t<\/div>\n\t\t","protected":false},"excerpt":{"rendered":"<p>Soluciones completas en mec\u00e1nica, chapa y pintura para todo tipo de veh\u00edculos. Reparaci\u00f3n en general Chapa y pintura Venta de recambios para veh\u00edculos cl\u00e1sicos Galer\u00eda TIENDA CONTACTOS Nuestro equipo est\u00e1 a tu disposici\u00f3n.<\/p>","protected":false},"author":1,"featured_media":0,"parent":0,"menu_order":0,"comment_status":"closed","ping_status":"closed","template":"elementor_canvas","meta":{"footnotes":""},"class_list":["post-13","page","type-page","status-publish","hentry"],"yoast_head":"<!-- This site is optimized with the Yoast SEO plugin v27.3 - https:\/\/yoast.com\/product\/yoast-seo-wordpress\/ -->\n<title>Servicios - Talleres Garnes S.L<\/title>\n<meta name=\"robots\" content=\"index, follow, max-snippet:-1, max-image-preview:large, max-video-preview:-1\" \/>\n<link rel=\"canonical\" href=\"https:\/\/tienda.talleresgarnes.com\/en\/servicios\/\" \/>\n<meta property=\"og:locale\" content=\"en_GB\" \/>\n<meta property=\"og:type\" content=\"article\" \/>\n<meta property=\"og:title\" content=\"Servicios - Talleres Garnes S.L\" \/>\n<meta property=\"og:description\" content=\"Soluciones completas en mec\u00e1nica, chapa y pintura para todo tipo de veh\u00edculos. Reparaci\u00f3n en general Chapa y pintura Venta de recambios para veh\u00edculos cl\u00e1sicos Galer\u00eda TIENDA CONTACTOS Nuestro equipo est\u00e1 a tu disposici\u00f3n.\" \/>\n<meta property=\"og:url\" content=\"https:\/\/tienda.talleresgarnes.com\/en\/servicios\/\" \/>\n<meta property=\"og:site_name\" content=\"Talleres Garnes S.L\" \/>\n<meta property=\"article:modified_time\" content=\"2025-12-16T10:15:30+00:00\" \/>\n<meta property=\"og:image\" content=\"https:\/\/tienda.talleresgarnes.com\/wp-content\/uploads\/2025\/12\/2148866654.jpg\" \/>\n\t<meta property=\"og:image:width\" content=\"1500\" \/>\n\t<meta property=\"og:image:height\" content=\"1000\" \/>\n\t<meta property=\"og:image:type\" content=\"image\/jpeg\" \/>\n<meta name=\"twitter:card\" content=\"summary_large_image\" \/>\n<meta name=\"twitter:label1\" content=\"Estimated reading time\" \/>\n\t<meta name=\"twitter:data1\" content=\"1 minute\" \/>\n<script type=\"application\/ld+json\" class=\"yoast-schema-graph\">{\"@context\":\"https:\\\/\\\/schema.org\",\"@graph\":[{\"@type\":\"WebPage\",\"@id\":\"https:\\\/\\\/tienda.talleresgarnes.com\\\/servicios\\\/\",\"url\":\"https:\\\/\\\/tienda.talleresgarnes.com\\\/servicios\\\/\",\"name\":\"Servicios - Talleres Garnes S.L\",\"isPartOf\":{\"@id\":\"https:\\\/\\\/tienda.talleresgarnes.com\\\/#website\"},\"primaryImageOfPage\":{\"@id\":\"https:\\\/\\\/tienda.talleresgarnes.com\\\/servicios\\\/#primaryimage\"},\"image\":{\"@id\":\"https:\\\/\\\/tienda.talleresgarnes.com\\\/servicios\\\/#primaryimage\"},\"thumbnailUrl\":\"https:\\\/\\\/tienda.talleresgarnes.com\\\/wp-content\\\/uploads\\\/2025\\\/12\\\/2148866654-1024x683.jpg\",\"datePublished\":\"2025-12-15T13:27:10+00:00\",\"dateModified\":\"2025-12-16T10:15:30+00:00\",\"breadcrumb\":{\"@id\":\"https:\\\/\\\/tienda.talleresgarnes.com\\\/servicios\\\/#breadcrumb\"},\"inLanguage\":\"en-GB\",\"potentialAction\":[{\"@type\":\"ReadAction\",\"target\":[\"https:\\\/\\\/tienda.talleresgarnes.com\\\/servicios\\\/\"]}]},{\"@type\":\"ImageObject\",\"inLanguage\":\"en-GB\",\"@id\":\"https:\\\/\\\/tienda.talleresgarnes.com\\\/servicios\\\/#primaryimage\",\"url\":\"https:\\\/\\\/tienda.talleresgarnes.com\\\/wp-content\\\/uploads\\\/2025\\\/12\\\/2148866654-1024x683.jpg\",\"contentUrl\":\"https:\\\/\\\/tienda.talleresgarnes.com\\\/wp-content\\\/uploads\\\/2025\\\/12\\\/2148866654-1024x683.jpg\"},{\"@type\":\"BreadcrumbList\",\"@id\":\"https:\\\/\\\/tienda.talleresgarnes.com\\\/servicios\\\/#breadcrumb\",\"itemListElement\":[{\"@type\":\"ListItem\",\"position\":1,\"name\":\"Portada\",\"item\":\"https:\\\/\\\/tienda.talleresgarnes.com\\\/\"},{\"@type\":\"ListItem\",\"position\":2,\"name\":\"Servicios\"}]},{\"@type\":\"WebSite\",\"@id\":\"https:\\\/\\\/tienda.talleresgarnes.com\\\/#website\",\"url\":\"https:\\\/\\\/tienda.talleresgarnes.com\\\/\",\"name\":\"Talleres Garnes S.L\",\"description\":\"taller de reparacion de vehiculos\",\"publisher\":{\"@id\":\"https:\\\/\\\/tienda.talleresgarnes.com\\\/#organization\"},\"potentialAction\":[{\"@type\":\"SearchAction\",\"target\":{\"@type\":\"EntryPoint\",\"urlTemplate\":\"https:\\\/\\\/tienda.talleresgarnes.com\\\/?s={search_term_string}\"},\"query-input\":{\"@type\":\"PropertyValueSpecification\",\"valueRequired\":true,\"valueName\":\"search_term_string\"}}],\"inLanguage\":\"en-GB\"},{\"@type\":\"Organization\",\"@id\":\"https:\\\/\\\/tienda.talleresgarnes.com\\\/#organization\",\"name\":\"Talleres Garnes S.L\",\"url\":\"https:\\\/\\\/tienda.talleresgarnes.com\\\/\",\"logo\":{\"@type\":\"ImageObject\",\"inLanguage\":\"en-GB\",\"@id\":\"https:\\\/\\\/tienda.talleresgarnes.com\\\/#\\\/schema\\\/logo\\\/image\\\/\",\"url\":\"https:\\\/\\\/tienda.talleresgarnes.com\\\/wp-content\\\/uploads\\\/2025\\\/12\\\/cropped-talleresgarnes202509_logo_web.png\",\"contentUrl\":\"https:\\\/\\\/tienda.talleresgarnes.com\\\/wp-content\\\/uploads\\\/2025\\\/12\\\/cropped-talleresgarnes202509_logo_web.png\",\"width\":1080,\"height\":309,\"caption\":\"Talleres Garnes S.L\"},\"image\":{\"@id\":\"https:\\\/\\\/tienda.talleresgarnes.com\\\/#\\\/schema\\\/logo\\\/image\\\/\"}}]}<\/script>\n<!-- \/ Yoast SEO plugin. -->","yoast_head_json":{"title":"Servicios - Talleres Garnes S.L","robots":{"index":"index","follow":"follow","max-snippet":"max-snippet:-1","max-image-preview":"max-image-preview:large","max-video-preview":"max-video-preview:-1"},"canonical":"https:\/\/tienda.talleresgarnes.com\/en\/servicios\/","og_locale":"en_GB","og_type":"article","og_title":"Servicios - Talleres Garnes S.L","og_description":"Soluciones completas en mec\u00e1nica, chapa y pintura para todo tipo de veh\u00edculos. Reparaci\u00f3n en general Chapa y pintura Venta de recambios para veh\u00edculos cl\u00e1sicos Galer\u00eda TIENDA CONTACTOS Nuestro equipo est\u00e1 a tu disposici\u00f3n.","og_url":"https:\/\/tienda.talleresgarnes.com\/en\/servicios\/","og_site_name":"Talleres Garnes S.L","article_modified_time":"2025-12-16T10:15:30+00:00","og_image":[{"width":1500,"height":1000,"url":"https:\/\/tienda.talleresgarnes.com\/wp-content\/uploads\/2025\/12\/2148866654.jpg","type":"image\/jpeg"}],"twitter_card":"summary_large_image","twitter_misc":{"Estimated reading time":"1 minute"},"schema":{"@context":"https:\/\/schema.org","@graph":[{"@type":"WebPage","@id":"https:\/\/tienda.talleresgarnes.com\/servicios\/","url":"https:\/\/tienda.talleresgarnes.com\/servicios\/","name":"Servicios - Talleres Garnes S.L","isPartOf":{"@id":"https:\/\/tienda.talleresgarnes.com\/#website"},"primaryImageOfPage":{"@id":"https:\/\/tienda.talleresgarnes.com\/servicios\/#primaryimage"},"image":{"@id":"https:\/\/tienda.talleresgarnes.com\/servicios\/#primaryimage"},"thumbnailUrl":"https:\/\/tienda.talleresgarnes.com\/wp-content\/uploads\/2025\/12\/2148866654-1024x683.jpg","datePublished":"2025-12-15T13:27:10+00:00","dateModified":"2025-12-16T10:15:30+00:00","breadcrumb":{"@id":"https:\/\/tienda.talleresgarnes.com\/servicios\/#breadcrumb"},"inLanguage":"en-GB","potentialAction":[{"@type":"ReadAction","target":["https:\/\/tienda.talleresgarnes.com\/servicios\/"]}]},{"@type":"ImageObject","inLanguage":"en-GB","@id":"https:\/\/tienda.talleresgarnes.com\/servicios\/#primaryimage","url":"https:\/\/tienda.talleresgarnes.com\/wp-content\/uploads\/2025\/12\/2148866654-1024x683.jpg","contentUrl":"https:\/\/tienda.talleresgarnes.com\/wp-content\/uploads\/2025\/12\/2148866654-1024x683.jpg"},{"@type":"BreadcrumbList","@id":"https:\/\/tienda.talleresgarnes.com\/servicios\/#breadcrumb","itemListElement":[{"@type":"ListItem","position":1,"name":"Portada","item":"https:\/\/tienda.talleresgarnes.com\/"},{"@type":"ListItem","position":2,"name":"Servicios"}]},{"@type":"WebSite","@id":"https:\/\/tienda.talleresgarnes.com\/#website","url":"https:\/\/tienda.talleresgarnes.com\/","name":"Talleres Garnes S.L","description":"taller de reparacion de vehiculos","publisher":{"@id":"https:\/\/tienda.talleresgarnes.com\/#organization"},"potentialAction":[{"@type":"SearchAction","target":{"@type":"EntryPoint","urlTemplate":"https:\/\/tienda.talleresgarnes.com\/?s={search_term_string}"},"query-input":{"@type":"PropertyValueSpecification","valueRequired":true,"valueName":"search_term_string"}}],"inLanguage":"en-GB"},{"@type":"Organization","@id":"https:\/\/tienda.talleresgarnes.com\/#organization","name":"Talleres Garnes S.L","url":"https:\/\/tienda.talleresgarnes.com\/","logo":{"@type":"ImageObject","inLanguage":"en-GB","@id":"https:\/\/tienda.talleresgarnes.com\/#\/schema\/logo\/image\/","url":"https:\/\/tienda.talleresgarnes.com\/wp-content\/uploads\/2025\/12\/cropped-talleresgarnes202509_logo_web.png","contentUrl":"https:\/\/tienda.talleresgarnes.com\/wp-content\/uploads\/2025\/12\/cropped-talleresgarnes202509_logo_web.png","width":1080,"height":309,"caption":"Talleres Garnes S.L"},"image":{"@id":"https:\/\/tienda.talleresgarnes.com\/#\/schema\/logo\/image\/"}}]}},"_links":{"self":[{"href":"https:\/\/tienda.talleresgarnes.com\/en\/wp-json\/wp\/v2\/pages\/13","targetHints":{"allow":["GET"]}}],"collection":[{"href":"https:\/\/tienda.talleresgarnes.com\/en\/wp-json\/wp\/v2\/pages"}],"about":[{"href":"https:\/\/tienda.talleresgarnes.com\/en\/wp-json\/wp\/v2\/types\/page"}],"author":[{"embeddable":true,"href":"https:\/\/tienda.talleresgarnes.com\/en\/wp-json\/wp\/v2\/users\/1"}],"replies":[{"embeddable":true,"href":"https:\/\/tienda.talleresgarnes.com\/en\/wp-json\/wp\/v2\/comments?post=13"}],"version-history":[{"count":40,"href":"https:\/\/tienda.talleresgarnes.com\/en\/wp-json\/wp\/v2\/pages\/13\/revisions"}],"predecessor-version":[{"id":359,"href":"https:\/\/tienda.talleresgarnes.com\/en\/wp-json\/wp\/v2\/pages\/13\/revisions\/359"}],"wp:attachment":[{"href":"https:\/\/tienda.talleresgarnes.com\/en\/wp-json\/wp\/v2\/media?parent=13"}],"curies":[{"name":"wp","href":"https:\/\/api.w.org\/{rel}","templated":true}]}}