{"id":231,"date":"2025-12-15T16:12:38","date_gmt":"2025-12-15T16:12:38","guid":{"rendered":"https:\/\/tienda.talleresgarnes.rkinformatika.online\/?page_id=231"},"modified":"2025-12-15T16:20:07","modified_gmt":"2025-12-15T16:20:07","slug":"reembolso_devoluciones","status":"publish","type":"page","link":"https:\/\/tienda.talleresgarnes.com\/en\/reembolso_devoluciones\/","title":{"rendered":"Pol\u00edtica de devoluciones y reembolsos"},"content":{"rendered":"<div data-elementor-type=\"wp-page\" data-elementor-id=\"231\" class=\"elementor elementor-231\" data-elementor-post-type=\"page\">\n\t\t\t\t\t\t<section class=\"elementor-section elementor-top-section elementor-element elementor-element-ae27454 elementor-section-boxed elementor-section-height-default elementor-section-height-default\" data-id=\"ae27454\" data-element_type=\"section\" data-e-type=\"section\" data-settings=\"{&quot;background_background&quot;:&quot;classic&quot;}\">\n\t\t\t\t\t\t<div class=\"elementor-container elementor-column-gap-default\">\n\t\t\t\t\t<div class=\"elementor-column elementor-col-100 elementor-top-column elementor-element elementor-element-223b754\" data-id=\"223b754\" data-element_type=\"column\" data-e-type=\"column\">\n\t\t\t<div class=\"elementor-widget-wrap elementor-element-populated\">\n\t\t\t\t\t\t<div class=\"elementor-element elementor-element-7ef899e elementor-widget elementor-widget-text-editor\" data-id=\"7ef899e\" data-element_type=\"widget\" data-e-type=\"widget\" data-widget_type=\"text-editor.default\">\n\t\t\t\t\t\t\t\t\t<div>\n<h1>POL\u00cdTICA DE REEMBOLSO<\/h1>\n<\/div>\n<div>\n<div>\n<p><strong>Devoluciones<\/strong><\/p>\n<p>Nuestra pol\u00edtica dura&nbsp;<strong>30 d\u00edas<\/strong>. Si han pasado 30 d\u00edas desde su compra, desafortunadamente no podemos ofrecerle un reembolso o cambio.<\/p>\n<p>Para poder proceder a su devoluci\u00f3n, el art\u00edculo debe estar sin usar y en las mismas condiciones en que lo recibi\u00f3. As\u00ed como en su embalaje original.<\/p>\n<p>Los productos perecederos, como los alimentos, no podr\u00e1n devolverse, a no ser que su motivo sea responsabilidad de la empresa.&nbsp;<\/p>\n<p>Art\u00edculos adicionales no retornables:<\/p>\n<p>\u2013 Tarjetas de regalo<\/p>\n<p><strong>Para completar su devoluci\u00f3n, requerimos un recibo o comprobante de compra.<\/strong><\/p>\n<p><strong>No env\u00ede su compra de vuelta al fabricante.<\/strong><\/p>\n<p><strong>Reembolsos (si corresponde)<\/strong><\/p>\n<p>Una vez que se reciba e inspeccione su devoluci\u00f3n, le enviaremos un correo electr\u00f3nico para notificarle que hemos recibido su art\u00edculo devuelto. Tambi\u00e9n le notificaremos la aprobaci\u00f3n o rechazo de su reembolso.<\/p>\n<p>Si es aprobado, su reembolso ser\u00e1 procesado y se&nbsp;abonar\u00e1 autom\u00e1ticamente al m\u00e9todo de pago original, dentro de un cierto cantidad de d\u00edas<\/p>\n<p><strong>Reembolsos tard\u00edos o faltantes (si corresponde)<\/strong><\/p>\n<p>Si a\u00fan no ha recibido un reembolso, primero verifique su cuenta bancaria.<\/p>\n<p>Luego comun\u00edquese con la compa\u00f1\u00eda de su tarjeta de cr\u00e9dito, puede pasar alg\u00fan tiempo antes de que su reembolso se publique oficialmente.<\/p>\n<p>Si ha hecho todo esto y a\u00fan no ha recibido su reembolso, cont\u00e1ctenos en&nbsp;<b>talleres.garnes@hotmail.com.<\/b><\/p>\n<p><strong>Art\u00edculos en oferta (si corresponde)<\/strong><\/p>\n<p>Solo se pueden reembolsar los art\u00edculos a precio regular, desafortunadamente los art\u00edculos en oferta no se pueden reembolsar.<\/p>\n<p><strong>Intercambios (si corresponde)<\/strong><\/p>\n<p>Solo reemplazamos los art\u00edculos si est\u00e1n defectuosos o da\u00f1ados (Por error de la empresa). Si necesita cambiarlo por el mismo art\u00edculo, env\u00edenos un correo electr\u00f3nico a <b>talleres.garnes@hotmail.com&nbsp;<\/b>&nbsp;y env\u00ede su art\u00edculo a:&nbsp;<b>Ercilla Kalea, 32 &#8211; 1\u00ba, Dcha, Abando, 48011 Bilbao, Bizkaia.<\/b><\/p>\n<p><strong>Env\u00edo<\/strong><\/p>\n<p>Para devolver su producto, debe enviarlo por correo a:<b>&nbsp;C. Juli\u00e1n Garc\u00eda Soto, N- 2, 30154 Valladolises y Lo Jurado, Murcia.<\/b><\/p>\n<p>Usted ser\u00e1 responsable de pagar sus propios costos de env\u00edo para devolver su art\u00edculo. Los gastos de env\u00edo no son reembolsables. Si recibe un reembolso, el costo del env\u00edo de devoluci\u00f3n se deducir\u00e1 de su reembolso.<\/p>\n<p>Dependiendo de d\u00f3nde viva, el tiempo de entrega puede variar.<\/p>\n<\/div>\n<\/div>\t\t\t\t\t\t\t\t<\/div>\n\t\t\t\t\t<\/div>\n\t\t<\/div>\n\t\t\t\t\t<\/div>\n\t\t<\/section>\n\t\t\t\t<\/div>","protected":false},"excerpt":{"rendered":"<p>POL\u00cdTICA DE REEMBOLSO Devoluciones Nuestra pol\u00edtica dura&nbsp;30 d\u00edas. Si han pasado 30 d\u00edas desde su compra, desafortunadamente no podemos ofrecerle un reembolso o cambio. Para poder proceder a su devoluci\u00f3n, el art\u00edculo debe estar sin usar y en las mismas condiciones en que lo recibi\u00f3. As\u00ed como en su embalaje original. Los productos perecederos, como [&hellip;]<\/p>\n","protected":false},"author":1,"featured_media":0,"parent":0,"menu_order":0,"comment_status":"closed","ping_status":"closed","template":"elementor_canvas","meta":{"footnotes":""},"class_list":["post-231","page","type-page","status-publish","hentry"],"yoast_head":"<!-- This site is optimized with the Yoast SEO plugin v27.3 - https:\/\/yoast.com\/product\/yoast-seo-wordpress\/ -->\n<title>Pol\u00edtica de devoluciones y reembolsos - Talleres Garnes S.L<\/title>\n<meta name=\"robots\" content=\"index, follow, max-snippet:-1, max-image-preview:large, max-video-preview:-1\" \/>\n<link rel=\"canonical\" href=\"https:\/\/tienda.talleresgarnes.com\/en\/reembolso_devoluciones\/\" \/>\n<meta property=\"og:locale\" content=\"en_GB\" \/>\n<meta property=\"og:type\" content=\"article\" \/>\n<meta property=\"og:title\" content=\"Pol\u00edtica de devoluciones y reembolsos - Talleres Garnes S.L\" \/>\n<meta property=\"og:description\" content=\"POL\u00cdTICA DE REEMBOLSO Devoluciones Nuestra pol\u00edtica dura&nbsp;30 d\u00edas. Si han pasado 30 d\u00edas desde su compra, desafortunadamente no podemos ofrecerle un reembolso o cambio. Para poder proceder a su devoluci\u00f3n, el art\u00edculo debe estar sin usar y en las mismas condiciones en que lo recibi\u00f3. As\u00ed como en su embalaje original. Los productos perecederos, como [&hellip;]\" \/>\n<meta property=\"og:url\" content=\"https:\/\/tienda.talleresgarnes.com\/en\/reembolso_devoluciones\/\" \/>\n<meta property=\"og:site_name\" content=\"Talleres Garnes S.L\" \/>\n<meta property=\"article:modified_time\" content=\"2025-12-15T16:20:07+00:00\" \/>\n<meta name=\"twitter:card\" content=\"summary_large_image\" \/>\n<meta name=\"twitter:label1\" content=\"Estimated reading time\" \/>\n\t<meta name=\"twitter:data1\" content=\"2 minutes\" \/>\n<script type=\"application\/ld+json\" class=\"yoast-schema-graph\">{\"@context\":\"https:\\\/\\\/schema.org\",\"@graph\":[{\"@type\":\"WebPage\",\"@id\":\"https:\\\/\\\/tienda.talleresgarnes.com\\\/reembolso_devoluciones\\\/\",\"url\":\"https:\\\/\\\/tienda.talleresgarnes.com\\\/reembolso_devoluciones\\\/\",\"name\":\"Pol\u00edtica de devoluciones y reembolsos - Talleres Garnes S.L\",\"isPartOf\":{\"@id\":\"https:\\\/\\\/tienda.talleresgarnes.com\\\/#website\"},\"datePublished\":\"2025-12-15T16:12:38+00:00\",\"dateModified\":\"2025-12-15T16:20:07+00:00\",\"breadcrumb\":{\"@id\":\"https:\\\/\\\/tienda.talleresgarnes.com\\\/reembolso_devoluciones\\\/#breadcrumb\"},\"inLanguage\":\"en-GB\",\"potentialAction\":[{\"@type\":\"ReadAction\",\"target\":[\"https:\\\/\\\/tienda.talleresgarnes.com\\\/reembolso_devoluciones\\\/\"]}]},{\"@type\":\"BreadcrumbList\",\"@id\":\"https:\\\/\\\/tienda.talleresgarnes.com\\\/reembolso_devoluciones\\\/#breadcrumb\",\"itemListElement\":[{\"@type\":\"ListItem\",\"position\":1,\"name\":\"Portada\",\"item\":\"https:\\\/\\\/tienda.talleresgarnes.com\\\/\"},{\"@type\":\"ListItem\",\"position\":2,\"name\":\"Pol\u00edtica de devoluciones y reembolsos\"}]},{\"@type\":\"WebSite\",\"@id\":\"https:\\\/\\\/tienda.talleresgarnes.com\\\/#website\",\"url\":\"https:\\\/\\\/tienda.talleresgarnes.com\\\/\",\"name\":\"Talleres Garnes S.L\",\"description\":\"taller de reparacion de vehiculos\",\"publisher\":{\"@id\":\"https:\\\/\\\/tienda.talleresgarnes.com\\\/#organization\"},\"potentialAction\":[{\"@type\":\"SearchAction\",\"target\":{\"@type\":\"EntryPoint\",\"urlTemplate\":\"https:\\\/\\\/tienda.talleresgarnes.com\\\/?s={search_term_string}\"},\"query-input\":{\"@type\":\"PropertyValueSpecification\",\"valueRequired\":true,\"valueName\":\"search_term_string\"}}],\"inLanguage\":\"en-GB\"},{\"@type\":\"Organization\",\"@id\":\"https:\\\/\\\/tienda.talleresgarnes.com\\\/#organization\",\"name\":\"Talleres Garnes S.L\",\"url\":\"https:\\\/\\\/tienda.talleresgarnes.com\\\/\",\"logo\":{\"@type\":\"ImageObject\",\"inLanguage\":\"en-GB\",\"@id\":\"https:\\\/\\\/tienda.talleresgarnes.com\\\/#\\\/schema\\\/logo\\\/image\\\/\",\"url\":\"https:\\\/\\\/tienda.talleresgarnes.com\\\/wp-content\\\/uploads\\\/2025\\\/12\\\/cropped-talleresgarnes202509_logo_web.png\",\"contentUrl\":\"https:\\\/\\\/tienda.talleresgarnes.com\\\/wp-content\\\/uploads\\\/2025\\\/12\\\/cropped-talleresgarnes202509_logo_web.png\",\"width\":1080,\"height\":309,\"caption\":\"Talleres Garnes S.L\"},\"image\":{\"@id\":\"https:\\\/\\\/tienda.talleresgarnes.com\\\/#\\\/schema\\\/logo\\\/image\\\/\"}}]}<\/script>\n<!-- \/ Yoast SEO plugin. -->","yoast_head_json":{"title":"Pol\u00edtica de devoluciones y reembolsos - Talleres Garnes S.L","robots":{"index":"index","follow":"follow","max-snippet":"max-snippet:-1","max-image-preview":"max-image-preview:large","max-video-preview":"max-video-preview:-1"},"canonical":"https:\/\/tienda.talleresgarnes.com\/en\/reembolso_devoluciones\/","og_locale":"en_GB","og_type":"article","og_title":"Pol\u00edtica de devoluciones y reembolsos - Talleres Garnes S.L","og_description":"POL\u00cdTICA DE REEMBOLSO Devoluciones Nuestra pol\u00edtica dura&nbsp;30 d\u00edas. Si han pasado 30 d\u00edas desde su compra, desafortunadamente no podemos ofrecerle un reembolso o cambio. Para poder proceder a su devoluci\u00f3n, el art\u00edculo debe estar sin usar y en las mismas condiciones en que lo recibi\u00f3. As\u00ed como en su embalaje original. Los productos perecederos, como [&hellip;]","og_url":"https:\/\/tienda.talleresgarnes.com\/en\/reembolso_devoluciones\/","og_site_name":"Talleres Garnes S.L","article_modified_time":"2025-12-15T16:20:07+00:00","twitter_card":"summary_large_image","twitter_misc":{"Estimated reading time":"2 minutes"},"schema":{"@context":"https:\/\/schema.org","@graph":[{"@type":"WebPage","@id":"https:\/\/tienda.talleresgarnes.com\/reembolso_devoluciones\/","url":"https:\/\/tienda.talleresgarnes.com\/reembolso_devoluciones\/","name":"Pol\u00edtica de devoluciones y reembolsos - Talleres Garnes S.L","isPartOf":{"@id":"https:\/\/tienda.talleresgarnes.com\/#website"},"datePublished":"2025-12-15T16:12:38+00:00","dateModified":"2025-12-15T16:20:07+00:00","breadcrumb":{"@id":"https:\/\/tienda.talleresgarnes.com\/reembolso_devoluciones\/#breadcrumb"},"inLanguage":"en-GB","potentialAction":[{"@type":"ReadAction","target":["https:\/\/tienda.talleresgarnes.com\/reembolso_devoluciones\/"]}]},{"@type":"BreadcrumbList","@id":"https:\/\/tienda.talleresgarnes.com\/reembolso_devoluciones\/#breadcrumb","itemListElement":[{"@type":"ListItem","position":1,"name":"Portada","item":"https:\/\/tienda.talleresgarnes.com\/"},{"@type":"ListItem","position":2,"name":"Pol\u00edtica de devoluciones y reembolsos"}]},{"@type":"WebSite","@id":"https:\/\/tienda.talleresgarnes.com\/#website","url":"https:\/\/tienda.talleresgarnes.com\/","name":"Talleres Garnes S.L","description":"taller de reparacion de vehiculos","publisher":{"@id":"https:\/\/tienda.talleresgarnes.com\/#organization"},"potentialAction":[{"@type":"SearchAction","target":{"@type":"EntryPoint","urlTemplate":"https:\/\/tienda.talleresgarnes.com\/?s={search_term_string}"},"query-input":{"@type":"PropertyValueSpecification","valueRequired":true,"valueName":"search_term_string"}}],"inLanguage":"en-GB"},{"@type":"Organization","@id":"https:\/\/tienda.talleresgarnes.com\/#organization","name":"Talleres Garnes S.L","url":"https:\/\/tienda.talleresgarnes.com\/","logo":{"@type":"ImageObject","inLanguage":"en-GB","@id":"https:\/\/tienda.talleresgarnes.com\/#\/schema\/logo\/image\/","url":"https:\/\/tienda.talleresgarnes.com\/wp-content\/uploads\/2025\/12\/cropped-talleresgarnes202509_logo_web.png","contentUrl":"https:\/\/tienda.talleresgarnes.com\/wp-content\/uploads\/2025\/12\/cropped-talleresgarnes202509_logo_web.png","width":1080,"height":309,"caption":"Talleres Garnes S.L"},"image":{"@id":"https:\/\/tienda.talleresgarnes.com\/#\/schema\/logo\/image\/"}}]}},"_links":{"self":[{"href":"https:\/\/tienda.talleresgarnes.com\/en\/wp-json\/wp\/v2\/pages\/231","targetHints":{"allow":["GET"]}}],"collection":[{"href":"https:\/\/tienda.talleresgarnes.com\/en\/wp-json\/wp\/v2\/pages"}],"about":[{"href":"https:\/\/tienda.talleresgarnes.com\/en\/wp-json\/wp\/v2\/types\/page"}],"author":[{"embeddable":true,"href":"https:\/\/tienda.talleresgarnes.com\/en\/wp-json\/wp\/v2\/users\/1"}],"replies":[{"embeddable":true,"href":"https:\/\/tienda.talleresgarnes.com\/en\/wp-json\/wp\/v2\/comments?post=231"}],"version-history":[{"count":4,"href":"https:\/\/tienda.talleresgarnes.com\/en\/wp-json\/wp\/v2\/pages\/231\/revisions"}],"predecessor-version":[{"id":290,"href":"https:\/\/tienda.talleresgarnes.com\/en\/wp-json\/wp\/v2\/pages\/231\/revisions\/290"}],"wp:attachment":[{"href":"https:\/\/tienda.talleresgarnes.com\/en\/wp-json\/wp\/v2\/media?parent=231"}],"curies":[{"name":"wp","href":"https:\/\/api.w.org\/{rel}","templated":true}]}}