{"id":281,"date":"2025-12-15T16:13:08","date_gmt":"2025-12-15T16:13:08","guid":{"rendered":"https:\/\/tienda.talleresgarnes.rkinformatika.online\/?page_id=281"},"modified":"2025-12-15T16:23:26","modified_gmt":"2025-12-15T16:23:26","slug":"politica-de-envio","status":"publish","type":"page","link":"https:\/\/tienda.talleresgarnes.com\/en\/politica-de-envio\/","title":{"rendered":"Pol\u00edtica de Envio"},"content":{"rendered":"<div data-elementor-type=\"wp-page\" data-elementor-id=\"281\" class=\"elementor elementor-281\" data-elementor-post-type=\"page\">\n\t\t\t\t\t\t<section class=\"elementor-section elementor-top-section elementor-element elementor-element-adbc760 elementor-section-boxed elementor-section-height-default elementor-section-height-default\" data-id=\"adbc760\" data-element_type=\"section\" data-e-type=\"section\" data-settings=\"{&quot;background_background&quot;:&quot;classic&quot;}\">\n\t\t\t\t\t\t<div class=\"elementor-container elementor-column-gap-default\">\n\t\t\t\t\t<div class=\"elementor-column elementor-col-100 elementor-top-column elementor-element elementor-element-0e8a279\" data-id=\"0e8a279\" data-element_type=\"column\" data-e-type=\"column\">\n\t\t\t<div class=\"elementor-widget-wrap elementor-element-populated\">\n\t\t\t\t\t\t<div class=\"elementor-element elementor-element-a29f540 elementor-widget elementor-widget-text-editor\" data-id=\"a29f540\" data-element_type=\"widget\" data-e-type=\"widget\" data-widget_type=\"text-editor.default\">\n\t\t\t\t\t\t\t\t\t<h1 align=\"justify\"><strong><b>Pol\u00edtica de env\u00edo<\/b><\/strong><\/h1>\n<p><strong>\u00bfCu\u00e1ndo ser\u00e1 procesado mi pedido?<\/strong><\/p>\n<p>Todos los pedidos se manejan y se env\u00edan desde nuestra tienda en <b>Murcia, Espa\u00f1a<\/b>. Por favor, espere un tiempo adicional para que su pedido sea procesado durante las vacaciones y las temporadas de rebajas. Procesamos pedidos de lunes a viernes. Los pedidos se procesar\u00e1n dentro de 3-5 d\u00edas h\u00e1biles a partir de la fecha del pedido y se enviar\u00e1n al d\u00eda siguiente despu\u00e9s del d\u00eda de procesamiento. Tenga en cuenta que no enviamos los fines de semana.&nbsp;<\/p>\n<p><strong>\u00bfCu\u00e1nto tiempo llevar\u00e1 recibir mi pedido?<\/strong><\/p>\n<p>Una vez que realice su pedido, espere de 3 a 5 d\u00edas h\u00e1biles para procesar sus pedidos.<\/p>\t\t\t\t\t\t\t\t<\/div>\n\t\t\t\t\t<\/div>\n\t\t<\/div>\n\t\t\t\t\t<\/div>\n\t\t<\/section>\n\t\t\t\t<\/div>","protected":false},"excerpt":{"rendered":"<p>Pol\u00edtica de env\u00edo \u00bfCu\u00e1ndo ser\u00e1 procesado mi pedido? Todos los pedidos se manejan y se env\u00edan desde nuestra tienda en Murcia, Espa\u00f1a. Por favor, espere un tiempo adicional para que su pedido sea procesado durante las vacaciones y las temporadas de rebajas. Procesamos pedidos de lunes a viernes. Los pedidos se procesar\u00e1n dentro de 3-5 [&hellip;]<\/p>\n","protected":false},"author":1,"featured_media":0,"parent":0,"menu_order":0,"comment_status":"closed","ping_status":"closed","template":"elementor_canvas","meta":{"footnotes":""},"class_list":["post-281","page","type-page","status-publish","hentry"],"yoast_head":"<!-- This site is optimized with the Yoast SEO plugin v27.3 - https:\/\/yoast.com\/product\/yoast-seo-wordpress\/ -->\n<title>Pol\u00edtica de Envio - Talleres Garnes S.L<\/title>\n<meta name=\"robots\" content=\"index, follow, max-snippet:-1, max-image-preview:large, max-video-preview:-1\" \/>\n<link rel=\"canonical\" href=\"https:\/\/tienda.talleresgarnes.com\/en\/politica-de-envio\/\" \/>\n<meta property=\"og:locale\" content=\"en_GB\" \/>\n<meta property=\"og:type\" content=\"article\" \/>\n<meta property=\"og:title\" content=\"Pol\u00edtica de Envio - Talleres Garnes S.L\" \/>\n<meta property=\"og:description\" content=\"Pol\u00edtica de env\u00edo \u00bfCu\u00e1ndo ser\u00e1 procesado mi pedido? Todos los pedidos se manejan y se env\u00edan desde nuestra tienda en Murcia, Espa\u00f1a. Por favor, espere un tiempo adicional para que su pedido sea procesado durante las vacaciones y las temporadas de rebajas. Procesamos pedidos de lunes a viernes. Los pedidos se procesar\u00e1n dentro de 3-5 [&hellip;]\" \/>\n<meta property=\"og:url\" content=\"https:\/\/tienda.talleresgarnes.com\/en\/politica-de-envio\/\" \/>\n<meta property=\"og:site_name\" content=\"Talleres Garnes S.L\" \/>\n<meta property=\"article:modified_time\" content=\"2025-12-15T16:23:26+00:00\" \/>\n<meta name=\"twitter:card\" content=\"summary_large_image\" \/>\n<meta name=\"twitter:label1\" content=\"Estimated reading time\" \/>\n\t<meta name=\"twitter:data1\" content=\"1 minute\" \/>\n<script type=\"application\/ld+json\" class=\"yoast-schema-graph\">{\"@context\":\"https:\\\/\\\/schema.org\",\"@graph\":[{\"@type\":\"WebPage\",\"@id\":\"https:\\\/\\\/tienda.talleresgarnes.com\\\/politica-de-envio\\\/\",\"url\":\"https:\\\/\\\/tienda.talleresgarnes.com\\\/politica-de-envio\\\/\",\"name\":\"Pol\u00edtica de Envio - Talleres Garnes S.L\",\"isPartOf\":{\"@id\":\"https:\\\/\\\/tienda.talleresgarnes.com\\\/#website\"},\"datePublished\":\"2025-12-15T16:13:08+00:00\",\"dateModified\":\"2025-12-15T16:23:26+00:00\",\"breadcrumb\":{\"@id\":\"https:\\\/\\\/tienda.talleresgarnes.com\\\/politica-de-envio\\\/#breadcrumb\"},\"inLanguage\":\"en-GB\",\"potentialAction\":[{\"@type\":\"ReadAction\",\"target\":[\"https:\\\/\\\/tienda.talleresgarnes.com\\\/politica-de-envio\\\/\"]}]},{\"@type\":\"BreadcrumbList\",\"@id\":\"https:\\\/\\\/tienda.talleresgarnes.com\\\/politica-de-envio\\\/#breadcrumb\",\"itemListElement\":[{\"@type\":\"ListItem\",\"position\":1,\"name\":\"Portada\",\"item\":\"https:\\\/\\\/tienda.talleresgarnes.com\\\/\"},{\"@type\":\"ListItem\",\"position\":2,\"name\":\"Pol\u00edtica de Envio\"}]},{\"@type\":\"WebSite\",\"@id\":\"https:\\\/\\\/tienda.talleresgarnes.com\\\/#website\",\"url\":\"https:\\\/\\\/tienda.talleresgarnes.com\\\/\",\"name\":\"Talleres Garnes S.L\",\"description\":\"taller de reparacion de vehiculos\",\"publisher\":{\"@id\":\"https:\\\/\\\/tienda.talleresgarnes.com\\\/#organization\"},\"potentialAction\":[{\"@type\":\"SearchAction\",\"target\":{\"@type\":\"EntryPoint\",\"urlTemplate\":\"https:\\\/\\\/tienda.talleresgarnes.com\\\/?s={search_term_string}\"},\"query-input\":{\"@type\":\"PropertyValueSpecification\",\"valueRequired\":true,\"valueName\":\"search_term_string\"}}],\"inLanguage\":\"en-GB\"},{\"@type\":\"Organization\",\"@id\":\"https:\\\/\\\/tienda.talleresgarnes.com\\\/#organization\",\"name\":\"Talleres Garnes S.L\",\"url\":\"https:\\\/\\\/tienda.talleresgarnes.com\\\/\",\"logo\":{\"@type\":\"ImageObject\",\"inLanguage\":\"en-GB\",\"@id\":\"https:\\\/\\\/tienda.talleresgarnes.com\\\/#\\\/schema\\\/logo\\\/image\\\/\",\"url\":\"https:\\\/\\\/tienda.talleresgarnes.com\\\/wp-content\\\/uploads\\\/2025\\\/12\\\/cropped-talleresgarnes202509_logo_web.png\",\"contentUrl\":\"https:\\\/\\\/tienda.talleresgarnes.com\\\/wp-content\\\/uploads\\\/2025\\\/12\\\/cropped-talleresgarnes202509_logo_web.png\",\"width\":1080,\"height\":309,\"caption\":\"Talleres Garnes S.L\"},\"image\":{\"@id\":\"https:\\\/\\\/tienda.talleresgarnes.com\\\/#\\\/schema\\\/logo\\\/image\\\/\"}}]}<\/script>\n<!-- \/ Yoast SEO plugin. -->","yoast_head_json":{"title":"Pol\u00edtica de Envio - Talleres Garnes S.L","robots":{"index":"index","follow":"follow","max-snippet":"max-snippet:-1","max-image-preview":"max-image-preview:large","max-video-preview":"max-video-preview:-1"},"canonical":"https:\/\/tienda.talleresgarnes.com\/en\/politica-de-envio\/","og_locale":"en_GB","og_type":"article","og_title":"Pol\u00edtica de Envio - Talleres Garnes S.L","og_description":"Pol\u00edtica de env\u00edo \u00bfCu\u00e1ndo ser\u00e1 procesado mi pedido? Todos los pedidos se manejan y se env\u00edan desde nuestra tienda en Murcia, Espa\u00f1a. Por favor, espere un tiempo adicional para que su pedido sea procesado durante las vacaciones y las temporadas de rebajas. Procesamos pedidos de lunes a viernes. Los pedidos se procesar\u00e1n dentro de 3-5 [&hellip;]","og_url":"https:\/\/tienda.talleresgarnes.com\/en\/politica-de-envio\/","og_site_name":"Talleres Garnes S.L","article_modified_time":"2025-12-15T16:23:26+00:00","twitter_card":"summary_large_image","twitter_misc":{"Estimated reading time":"1 minute"},"schema":{"@context":"https:\/\/schema.org","@graph":[{"@type":"WebPage","@id":"https:\/\/tienda.talleresgarnes.com\/politica-de-envio\/","url":"https:\/\/tienda.talleresgarnes.com\/politica-de-envio\/","name":"Pol\u00edtica de Envio - Talleres Garnes S.L","isPartOf":{"@id":"https:\/\/tienda.talleresgarnes.com\/#website"},"datePublished":"2025-12-15T16:13:08+00:00","dateModified":"2025-12-15T16:23:26+00:00","breadcrumb":{"@id":"https:\/\/tienda.talleresgarnes.com\/politica-de-envio\/#breadcrumb"},"inLanguage":"en-GB","potentialAction":[{"@type":"ReadAction","target":["https:\/\/tienda.talleresgarnes.com\/politica-de-envio\/"]}]},{"@type":"BreadcrumbList","@id":"https:\/\/tienda.talleresgarnes.com\/politica-de-envio\/#breadcrumb","itemListElement":[{"@type":"ListItem","position":1,"name":"Portada","item":"https:\/\/tienda.talleresgarnes.com\/"},{"@type":"ListItem","position":2,"name":"Pol\u00edtica de Envio"}]},{"@type":"WebSite","@id":"https:\/\/tienda.talleresgarnes.com\/#website","url":"https:\/\/tienda.talleresgarnes.com\/","name":"Talleres Garnes S.L","description":"taller de reparacion de vehiculos","publisher":{"@id":"https:\/\/tienda.talleresgarnes.com\/#organization"},"potentialAction":[{"@type":"SearchAction","target":{"@type":"EntryPoint","urlTemplate":"https:\/\/tienda.talleresgarnes.com\/?s={search_term_string}"},"query-input":{"@type":"PropertyValueSpecification","valueRequired":true,"valueName":"search_term_string"}}],"inLanguage":"en-GB"},{"@type":"Organization","@id":"https:\/\/tienda.talleresgarnes.com\/#organization","name":"Talleres Garnes S.L","url":"https:\/\/tienda.talleresgarnes.com\/","logo":{"@type":"ImageObject","inLanguage":"en-GB","@id":"https:\/\/tienda.talleresgarnes.com\/#\/schema\/logo\/image\/","url":"https:\/\/tienda.talleresgarnes.com\/wp-content\/uploads\/2025\/12\/cropped-talleresgarnes202509_logo_web.png","contentUrl":"https:\/\/tienda.talleresgarnes.com\/wp-content\/uploads\/2025\/12\/cropped-talleresgarnes202509_logo_web.png","width":1080,"height":309,"caption":"Talleres Garnes S.L"},"image":{"@id":"https:\/\/tienda.talleresgarnes.com\/#\/schema\/logo\/image\/"}}]}},"_links":{"self":[{"href":"https:\/\/tienda.talleresgarnes.com\/en\/wp-json\/wp\/v2\/pages\/281","targetHints":{"allow":["GET"]}}],"collection":[{"href":"https:\/\/tienda.talleresgarnes.com\/en\/wp-json\/wp\/v2\/pages"}],"about":[{"href":"https:\/\/tienda.talleresgarnes.com\/en\/wp-json\/wp\/v2\/types\/page"}],"author":[{"embeddable":true,"href":"https:\/\/tienda.talleresgarnes.com\/en\/wp-json\/wp\/v2\/users\/1"}],"replies":[{"embeddable":true,"href":"https:\/\/tienda.talleresgarnes.com\/en\/wp-json\/wp\/v2\/comments?post=281"}],"version-history":[{"count":7,"href":"https:\/\/tienda.talleresgarnes.com\/en\/wp-json\/wp\/v2\/pages\/281\/revisions"}],"predecessor-version":[{"id":296,"href":"https:\/\/tienda.talleresgarnes.com\/en\/wp-json\/wp\/v2\/pages\/281\/revisions\/296"}],"wp:attachment":[{"href":"https:\/\/tienda.talleresgarnes.com\/en\/wp-json\/wp\/v2\/media?parent=281"}],"curies":[{"name":"wp","href":"https:\/\/api.w.org\/{rel}","templated":true}]}}