{"id":8,"date":"2025-12-15T13:26:35","date_gmt":"2025-12-15T13:26:35","guid":{"rendered":"https:\/\/talleresgarnes.rkinformatika.online\/?page_id=8"},"modified":"2025-12-15T14:56:45","modified_gmt":"2025-12-15T14:56:45","slug":"inicio","status":"publish","type":"page","link":"https:\/\/tienda.talleresgarnes.com\/en\/","title":{"rendered":"Inicio"},"content":{"rendered":"\t\t<div data-elementor-type=\"wp-page\" data-elementor-id=\"8\" class=\"elementor elementor-8\" data-elementor-post-type=\"page\">\n\t\t\t\t<div class=\"elementor-element elementor-element-e9cb959 e-con-full e-flex elementor-invisible e-con e-parent\" data-id=\"e9cb959\" data-element_type=\"container\" data-e-type=\"container\" data-settings=\"{&quot;background_background&quot;:&quot;classic&quot;,&quot;background_motion_fx_motion_fx_scrolling&quot;:&quot;yes&quot;,&quot;animation&quot;:&quot;fadeIn&quot;,&quot;background_motion_fx_devices&quot;:[&quot;desktop&quot;,&quot;tablet&quot;,&quot;mobile&quot;]}\">\n\t\t<div class=\"elementor-element elementor-element-83ea6f4 e-flex e-con-boxed e-con e-child\" data-id=\"83ea6f4\" data-element_type=\"container\" data-e-type=\"container\">\n\t\t\t\t\t<div class=\"e-con-inner\">\n\t\t\t\t<div class=\"elementor-element elementor-element-7994642 animated-slow elementor-widget__width-initial elementor-invisible elementor-widget elementor-widget-heading\" data-id=\"7994642\" data-element_type=\"widget\" data-e-type=\"widget\" data-settings=\"{&quot;_animation&quot;:&quot;fadeInDown&quot;}\" data-widget_type=\"heading.default\">\n\t\t\t\t\t<h2 class=\"elementor-heading-title elementor-size-default\">Cuidando tu veh\u00edculo con experiencia, confianza y pasi\u00f3n por la mec\u00e1nica.<br>\nDesde 1968<\/h2>\t\t\t\t<\/div>\n\t\t\t\t\t<\/div>\n\t\t\t\t<\/div>\n\t\t\t\t<\/div>\n\t\t<div class=\"elementor-element elementor-element-6008458 e-flex e-con-boxed e-con e-parent\" data-id=\"6008458\" data-element_type=\"container\" data-e-type=\"container\">\n\t\t\t\t\t<div class=\"e-con-inner\">\n\t\t\t\t<div class=\"elementor-element elementor-element-3e5486f elementor-widget elementor-widget-image\" data-id=\"3e5486f\" data-element_type=\"widget\" data-e-type=\"widget\" data-settings=\"{&quot;_animation_tablet&quot;:&quot;fadeInLeft&quot;}\" data-widget_type=\"image.default\">\n\t\t\t\t\t\t\t\t\t\t\t\t\t\t\t<img decoding=\"async\" src=\"https:\/\/tienda.talleresgarnes.com\/wp-content\/uploads\/2025\/12\/5.png\" title=\"\" alt=\"\" loading=\"lazy\" \/>\t\t\t\t\t\t\t\t\t\t\t\t\t\t\t<\/div>\n\t\t<div class=\"elementor-element elementor-element-f234c78 e-con-full e-flex elementor-invisible e-con e-child\" data-id=\"f234c78\" data-element_type=\"container\" data-e-type=\"container\" data-settings=\"{&quot;animation&quot;:&quot;fadeInLeft&quot;}\">\n\t\t<div class=\"elementor-element elementor-element-074e0b2 e-con-full e-flex e-con e-child\" data-id=\"074e0b2\" data-element_type=\"container\" data-e-type=\"container\">\n\t\t\t\t<div class=\"elementor-element elementor-element-de289c5 elementor-widget elementor-widget-heading\" data-id=\"de289c5\" data-element_type=\"widget\" data-e-type=\"widget\" data-widget_type=\"heading.default\">\n\t\t\t\t\t<h2 class=\"elementor-heading-title elementor-size-default\">Sobre  Nosotros:<\/h2>\t\t\t\t<\/div>\n\t\t\t\t<div class=\"elementor-element elementor-element-d32a7c1 elementor-widget-mobile__width-initial elementor-widget elementor-widget-text-editor\" data-id=\"d32a7c1\" data-element_type=\"widget\" data-e-type=\"widget\" data-widget_type=\"text-editor.default\">\n\t\t\t\t\t\t\t\t\t<p>Nos dedicamos a la reparaci\u00f3n de veh\u00edculos, ofreciendo un servicio completo de mec\u00e1nica, chapa y pintura. Nuestro taller fue fundado en el a\u00f1o 1968, y desde entonces hemos trabajado con dedicaci\u00f3n y profesionalidad, acumulando d\u00e9cadas de experiencia en el sector de la automoci\u00f3n.<\/p><p>A lo largo de nuestra historia, nos hemos consolidado como un taller de confianza, combinando el saber tradicional con t\u00e9cnicas actuales para garantizar resultados de alta calidad. Realizamos reparaciones en general, trabajos especializados de chapa y pintura, y contamos con un servicio de venta de recambios para veh\u00edculos cl\u00e1sicos, cuidando cada detalle para preservar su valor y autenticidad.<\/p><p>Nuestro compromiso es ofrecer un servicio cercano, fiable y adaptado a las necesidades de cada cliente, manteniendo los valores que nos han acompa\u00f1ado desde nuestros inicios.<\/p>\t\t\t\t\t\t\t\t<\/div>\n\t\t\t\t<\/div>\n\t\t\t\t<\/div>\n\t\t\t\t\t<\/div>\n\t\t\t\t<\/div>\n\t\t<div class=\"elementor-element elementor-element-66b67c8 e-con-full e-flex elementor-invisible e-con e-parent\" data-id=\"66b67c8\" data-element_type=\"container\" data-e-type=\"container\" data-settings=\"{&quot;background_background&quot;:&quot;classic&quot;,&quot;background_motion_fx_motion_fx_scrolling&quot;:&quot;yes&quot;,&quot;animation&quot;:&quot;fadeIn&quot;,&quot;background_motion_fx_devices&quot;:[&quot;desktop&quot;,&quot;tablet&quot;,&quot;mobile&quot;]}\">\n\t\t<div class=\"elementor-element elementor-element-87f9d89 e-flex e-con-boxed e-con e-child\" data-id=\"87f9d89\" data-element_type=\"container\" data-e-type=\"container\">\n\t\t\t\t\t<div class=\"e-con-inner\">\n\t\t\t\t<div class=\"elementor-element elementor-element-437f054 animated-slow elementor-widget__width-initial elementor-invisible elementor-widget elementor-widget-heading\" data-id=\"437f054\" data-element_type=\"widget\" data-e-type=\"widget\" data-settings=\"{&quot;_animation&quot;:&quot;fadeInDown&quot;}\" data-widget_type=\"heading.default\">\n\t\t\t\t\t<h2 class=\"elementor-heading-title elementor-size-default\">Taller de mec\u00e1nica, chapa y pintura \u00b7 Reparaci\u00f3n general y recambios para veh\u00edculos cl\u00e1sicos.<\/h2>\t\t\t\t<\/div>\n\t\t\t\t\t<\/div>\n\t\t\t\t<\/div>\n\t\t\t\t<div class=\"elementor-element elementor-element-3d1073f elementor-align-center animated-slow elementor-invisible elementor-widget elementor-widget-button\" data-id=\"3d1073f\" data-element_type=\"widget\" data-e-type=\"widget\" data-settings=\"{&quot;_animation&quot;:&quot;fadeInLeft&quot;}\" data-widget_type=\"button.default\">\n\t\t\t\t\t\t\t\t\t\t<a class=\"elementor-button elementor-button-link elementor-size-sm\" href=\"https:\/\/tienda.talleresgarnes.com\/servicios\/\">\n\t\t\t\t\t\t<span class=\"elementor-button-content-wrapper\">\n\t\t\t\t\t\t\t\t\t<span class=\"elementor-button-text\">SERVICIOS<\/span>\n\t\t\t\t\t<\/span>\n\t\t\t\t\t<\/a>\n\t\t\t\t\t\t\t\t<\/div>\n\t\t\t\t<\/div>\n\t\t\t\t<\/div>\n\t\t","protected":false},"excerpt":{"rendered":"<p>Cuidando tu veh\u00edculo con experiencia, confianza y pasi\u00f3n por la mec\u00e1nica. Desde 1968 Sobre Nosotros: Nos dedicamos a la reparaci\u00f3n de veh\u00edculos, ofreciendo un servicio completo de mec\u00e1nica, chapa y pintura. Nuestro taller fue fundado en el a\u00f1o 1968, y desde entonces hemos trabajado con dedicaci\u00f3n y profesionalidad, acumulando d\u00e9cadas de experiencia en el sector [&hellip;]<\/p>\n","protected":false},"author":1,"featured_media":0,"parent":0,"menu_order":0,"comment_status":"closed","ping_status":"closed","template":"elementor_canvas","meta":{"footnotes":""},"class_list":["post-8","page","type-page","status-publish","hentry"],"yoast_head":"<!-- This site is optimized with the Yoast SEO plugin v27.3 - https:\/\/yoast.com\/product\/yoast-seo-wordpress\/ -->\n<title>Inicio - Talleres Garnes S.L<\/title>\n<meta name=\"robots\" content=\"index, follow, max-snippet:-1, max-image-preview:large, max-video-preview:-1\" \/>\n<link rel=\"canonical\" href=\"https:\/\/tienda.talleresgarnes.com\/en\/\" \/>\n<meta property=\"og:locale\" content=\"en_GB\" \/>\n<meta property=\"og:type\" content=\"article\" \/>\n<meta property=\"og:title\" content=\"Inicio - Talleres Garnes S.L\" \/>\n<meta property=\"og:description\" content=\"Cuidando tu veh\u00edculo con experiencia, confianza y pasi\u00f3n por la mec\u00e1nica. Desde 1968 Sobre Nosotros: Nos dedicamos a la reparaci\u00f3n de veh\u00edculos, ofreciendo un servicio completo de mec\u00e1nica, chapa y pintura. Nuestro taller fue fundado en el a\u00f1o 1968, y desde entonces hemos trabajado con dedicaci\u00f3n y profesionalidad, acumulando d\u00e9cadas de experiencia en el sector [&hellip;]\" \/>\n<meta property=\"og:url\" content=\"https:\/\/tienda.talleresgarnes.com\/en\/\" \/>\n<meta property=\"og:site_name\" content=\"Talleres Garnes S.L\" \/>\n<meta property=\"article:modified_time\" content=\"2025-12-15T14:56:45+00:00\" \/>\n<meta property=\"og:image\" content=\"https:\/\/tienda.talleresgarnes.com\/wp-content\/uploads\/2025\/12\/5.png\" \/>\n<meta name=\"twitter:card\" content=\"summary_large_image\" \/>\n<meta name=\"twitter:label1\" content=\"Estimated reading time\" \/>\n\t<meta name=\"twitter:data1\" content=\"1 minute\" \/>\n<script type=\"application\/ld+json\" class=\"yoast-schema-graph\">{\"@context\":\"https:\\\/\\\/schema.org\",\"@graph\":[{\"@type\":\"WebPage\",\"@id\":\"https:\\\/\\\/tienda.talleresgarnes.com\\\/\",\"url\":\"https:\\\/\\\/tienda.talleresgarnes.com\\\/\",\"name\":\"Inicio - Talleres Garnes S.L\",\"isPartOf\":{\"@id\":\"https:\\\/\\\/tienda.talleresgarnes.com\\\/#website\"},\"primaryImageOfPage\":{\"@id\":\"https:\\\/\\\/tienda.talleresgarnes.com\\\/#primaryimage\"},\"image\":{\"@id\":\"https:\\\/\\\/tienda.talleresgarnes.com\\\/#primaryimage\"},\"thumbnailUrl\":\"https:\\\/\\\/tienda.talleresgarnes.com\\\/wp-content\\\/uploads\\\/2025\\\/12\\\/5.png\",\"datePublished\":\"2025-12-15T13:26:35+00:00\",\"dateModified\":\"2025-12-15T14:56:45+00:00\",\"breadcrumb\":{\"@id\":\"https:\\\/\\\/tienda.talleresgarnes.com\\\/#breadcrumb\"},\"inLanguage\":\"en-GB\",\"potentialAction\":[{\"@type\":\"ReadAction\",\"target\":[\"https:\\\/\\\/tienda.talleresgarnes.com\\\/\"]}]},{\"@type\":\"ImageObject\",\"inLanguage\":\"en-GB\",\"@id\":\"https:\\\/\\\/tienda.talleresgarnes.com\\\/#primaryimage\",\"url\":\"https:\\\/\\\/tienda.talleresgarnes.com\\\/wp-content\\\/uploads\\\/2025\\\/12\\\/5.png\",\"contentUrl\":\"https:\\\/\\\/tienda.talleresgarnes.com\\\/wp-content\\\/uploads\\\/2025\\\/12\\\/5.png\"},{\"@type\":\"BreadcrumbList\",\"@id\":\"https:\\\/\\\/tienda.talleresgarnes.com\\\/#breadcrumb\",\"itemListElement\":[{\"@type\":\"ListItem\",\"position\":1,\"name\":\"Portada\",\"item\":\"https:\\\/\\\/tienda.talleresgarnes.com\\\/\"},{\"@type\":\"ListItem\",\"position\":2,\"name\":\"Inicio\"}]},{\"@type\":\"WebSite\",\"@id\":\"https:\\\/\\\/tienda.talleresgarnes.com\\\/#website\",\"url\":\"https:\\\/\\\/tienda.talleresgarnes.com\\\/\",\"name\":\"Talleres Garnes S.L\",\"description\":\"taller de reparacion de vehiculos\",\"publisher\":{\"@id\":\"https:\\\/\\\/tienda.talleresgarnes.com\\\/#organization\"},\"potentialAction\":[{\"@type\":\"SearchAction\",\"target\":{\"@type\":\"EntryPoint\",\"urlTemplate\":\"https:\\\/\\\/tienda.talleresgarnes.com\\\/?s={search_term_string}\"},\"query-input\":{\"@type\":\"PropertyValueSpecification\",\"valueRequired\":true,\"valueName\":\"search_term_string\"}}],\"inLanguage\":\"en-GB\"},{\"@type\":\"Organization\",\"@id\":\"https:\\\/\\\/tienda.talleresgarnes.com\\\/#organization\",\"name\":\"Talleres Garnes S.L\",\"url\":\"https:\\\/\\\/tienda.talleresgarnes.com\\\/\",\"logo\":{\"@type\":\"ImageObject\",\"inLanguage\":\"en-GB\",\"@id\":\"https:\\\/\\\/tienda.talleresgarnes.com\\\/#\\\/schema\\\/logo\\\/image\\\/\",\"url\":\"https:\\\/\\\/tienda.talleresgarnes.com\\\/wp-content\\\/uploads\\\/2025\\\/12\\\/cropped-talleresgarnes202509_logo_web.png\",\"contentUrl\":\"https:\\\/\\\/tienda.talleresgarnes.com\\\/wp-content\\\/uploads\\\/2025\\\/12\\\/cropped-talleresgarnes202509_logo_web.png\",\"width\":1080,\"height\":309,\"caption\":\"Talleres Garnes S.L\"},\"image\":{\"@id\":\"https:\\\/\\\/tienda.talleresgarnes.com\\\/#\\\/schema\\\/logo\\\/image\\\/\"}}]}<\/script>\n<!-- \/ Yoast SEO plugin. -->","yoast_head_json":{"title":"Inicio - Talleres Garnes S.L","robots":{"index":"index","follow":"follow","max-snippet":"max-snippet:-1","max-image-preview":"max-image-preview:large","max-video-preview":"max-video-preview:-1"},"canonical":"https:\/\/tienda.talleresgarnes.com\/en\/","og_locale":"en_GB","og_type":"article","og_title":"Inicio - Talleres Garnes S.L","og_description":"Cuidando tu veh\u00edculo con experiencia, confianza y pasi\u00f3n por la mec\u00e1nica. Desde 1968 Sobre Nosotros: Nos dedicamos a la reparaci\u00f3n de veh\u00edculos, ofreciendo un servicio completo de mec\u00e1nica, chapa y pintura. Nuestro taller fue fundado en el a\u00f1o 1968, y desde entonces hemos trabajado con dedicaci\u00f3n y profesionalidad, acumulando d\u00e9cadas de experiencia en el sector [&hellip;]","og_url":"https:\/\/tienda.talleresgarnes.com\/en\/","og_site_name":"Talleres Garnes S.L","article_modified_time":"2025-12-15T14:56:45+00:00","og_image":[{"url":"https:\/\/tienda.talleresgarnes.com\/wp-content\/uploads\/2025\/12\/5.png","type":"","width":"","height":""}],"twitter_card":"summary_large_image","twitter_misc":{"Estimated reading time":"1 minute"},"schema":{"@context":"https:\/\/schema.org","@graph":[{"@type":"WebPage","@id":"https:\/\/tienda.talleresgarnes.com\/","url":"https:\/\/tienda.talleresgarnes.com\/","name":"Inicio - Talleres Garnes S.L","isPartOf":{"@id":"https:\/\/tienda.talleresgarnes.com\/#website"},"primaryImageOfPage":{"@id":"https:\/\/tienda.talleresgarnes.com\/#primaryimage"},"image":{"@id":"https:\/\/tienda.talleresgarnes.com\/#primaryimage"},"thumbnailUrl":"https:\/\/tienda.talleresgarnes.com\/wp-content\/uploads\/2025\/12\/5.png","datePublished":"2025-12-15T13:26:35+00:00","dateModified":"2025-12-15T14:56:45+00:00","breadcrumb":{"@id":"https:\/\/tienda.talleresgarnes.com\/#breadcrumb"},"inLanguage":"en-GB","potentialAction":[{"@type":"ReadAction","target":["https:\/\/tienda.talleresgarnes.com\/"]}]},{"@type":"ImageObject","inLanguage":"en-GB","@id":"https:\/\/tienda.talleresgarnes.com\/#primaryimage","url":"https:\/\/tienda.talleresgarnes.com\/wp-content\/uploads\/2025\/12\/5.png","contentUrl":"https:\/\/tienda.talleresgarnes.com\/wp-content\/uploads\/2025\/12\/5.png"},{"@type":"BreadcrumbList","@id":"https:\/\/tienda.talleresgarnes.com\/#breadcrumb","itemListElement":[{"@type":"ListItem","position":1,"name":"Portada","item":"https:\/\/tienda.talleresgarnes.com\/"},{"@type":"ListItem","position":2,"name":"Inicio"}]},{"@type":"WebSite","@id":"https:\/\/tienda.talleresgarnes.com\/#website","url":"https:\/\/tienda.talleresgarnes.com\/","name":"Talleres Garnes S.L","description":"taller de reparacion de vehiculos","publisher":{"@id":"https:\/\/tienda.talleresgarnes.com\/#organization"},"potentialAction":[{"@type":"SearchAction","target":{"@type":"EntryPoint","urlTemplate":"https:\/\/tienda.talleresgarnes.com\/?s={search_term_string}"},"query-input":{"@type":"PropertyValueSpecification","valueRequired":true,"valueName":"search_term_string"}}],"inLanguage":"en-GB"},{"@type":"Organization","@id":"https:\/\/tienda.talleresgarnes.com\/#organization","name":"Talleres Garnes S.L","url":"https:\/\/tienda.talleresgarnes.com\/","logo":{"@type":"ImageObject","inLanguage":"en-GB","@id":"https:\/\/tienda.talleresgarnes.com\/#\/schema\/logo\/image\/","url":"https:\/\/tienda.talleresgarnes.com\/wp-content\/uploads\/2025\/12\/cropped-talleresgarnes202509_logo_web.png","contentUrl":"https:\/\/tienda.talleresgarnes.com\/wp-content\/uploads\/2025\/12\/cropped-talleresgarnes202509_logo_web.png","width":1080,"height":309,"caption":"Talleres Garnes S.L"},"image":{"@id":"https:\/\/tienda.talleresgarnes.com\/#\/schema\/logo\/image\/"}}]}},"_links":{"self":[{"href":"https:\/\/tienda.talleresgarnes.com\/en\/wp-json\/wp\/v2\/pages\/8","targetHints":{"allow":["GET"]}}],"collection":[{"href":"https:\/\/tienda.talleresgarnes.com\/en\/wp-json\/wp\/v2\/pages"}],"about":[{"href":"https:\/\/tienda.talleresgarnes.com\/en\/wp-json\/wp\/v2\/types\/page"}],"author":[{"embeddable":true,"href":"https:\/\/tienda.talleresgarnes.com\/en\/wp-json\/wp\/v2\/users\/1"}],"replies":[{"embeddable":true,"href":"https:\/\/tienda.talleresgarnes.com\/en\/wp-json\/wp\/v2\/comments?post=8"}],"version-history":[{"count":61,"href":"https:\/\/tienda.talleresgarnes.com\/en\/wp-json\/wp\/v2\/pages\/8\/revisions"}],"predecessor-version":[{"id":181,"href":"https:\/\/tienda.talleresgarnes.com\/en\/wp-json\/wp\/v2\/pages\/8\/revisions\/181"}],"wp:attachment":[{"href":"https:\/\/tienda.talleresgarnes.com\/en\/wp-json\/wp\/v2\/media?parent=8"}],"curies":[{"name":"wp","href":"https:\/\/api.w.org\/{rel}","templated":true}]}}